{"id":247,"date":"2024-12-05T12:10:48","date_gmt":"2024-12-05T12:10:48","guid":{"rendered":"https:\/\/www.rugendas.cl\/?page_id=247"},"modified":"2026-03-01T10:55:08","modified_gmt":"2026-03-01T10:55:08","slug":"meeting-rooms","status":"publish","type":"page","link":"https:\/\/www.rugendas.cl\/en\/meeting-rooms\/","title":{"rendered":"Meeting Rooms"},"content":{"rendered":"\t\t<div data-elementor-type=\"wp-page\" data-elementor-id=\"247\" class=\"elementor elementor-247\" data-elementor-post-type=\"page\">\n\t\t\t\t<div class=\"elementor-element elementor-element-434a24b e-flex e-con-boxed e-con e-parent\" data-id=\"434a24b\" data-element_type=\"container\" data-e-type=\"container\" data-settings=\"{&quot;background_background&quot;:&quot;classic&quot;,&quot;motion_fx_motion_fx_scrolling&quot;:&quot;yes&quot;,&quot;motion_fx_devices&quot;:[&quot;desktop&quot;,&quot;laptop&quot;,&quot;tablet&quot;,&quot;mobile&quot;]}\">\n\t\t\t\t\t<div class=\"e-con-inner\">\n\t\t\t\t<div class=\"elementor-element elementor-element-6ff0c7c elementor-widget__width-initial elementor-widget elementor-widget-heading\" data-id=\"6ff0c7c\" data-element_type=\"widget\" data-e-type=\"widget\" data-settings=\"{&quot;motion_fx_motion_fx_scrolling&quot;:&quot;yes&quot;,&quot;motion_fx_opacity_effect&quot;:&quot;yes&quot;,&quot;motion_fx_opacity_direction&quot;:&quot;in-out&quot;,&quot;motion_fx_opacity_range&quot;:{&quot;unit&quot;:&quot;%&quot;,&quot;size&quot;:&quot;&quot;,&quot;sizes&quot;:{&quot;start&quot;:55,&quot;end&quot;:76}},&quot;motion_fx_blur_effect&quot;:&quot;yes&quot;,&quot;motion_fx_blur_direction&quot;:&quot;in-out&quot;,&quot;motion_fx_blur_range&quot;:{&quot;unit&quot;:&quot;%&quot;,&quot;size&quot;:&quot;&quot;,&quot;sizes&quot;:{&quot;start&quot;:54,&quot;end&quot;:80}},&quot;motion_fx_opacity_level&quot;:{&quot;unit&quot;:&quot;px&quot;,&quot;size&quot;:10,&quot;sizes&quot;:[]},&quot;motion_fx_blur_level&quot;:{&quot;unit&quot;:&quot;px&quot;,&quot;size&quot;:7,&quot;sizes&quot;:[]},&quot;motion_fx_devices&quot;:[&quot;desktop&quot;,&quot;laptop&quot;,&quot;tablet&quot;,&quot;mobile&quot;]}\" data-widget_type=\"heading.default\">\n\t\t\t\t\t<h1 class=\"elementor-heading-title elementor-size-default\">Salones<\/h1>\t\t\t\t<\/div>\n\t\t<a class=\"elementor-element elementor-element-60597cb e-con-full e-flex e-con e-child\" data-id=\"60597cb\" data-element_type=\"container\" data-e-type=\"container\" data-settings=\"{&quot;background_background&quot;:&quot;classic&quot;,&quot;position&quot;:&quot;fixed&quot;}\" href=\"#elementor-action%3Aaction%3Dpopup%3Aopen%26settings%3DeyJpZCI6IjU3NjAiLCJ0b2dnbGUiOmZhbHNlfQ%3D%3D\" target=\"_blank\">\n\t\t<div class=\"elementor-element elementor-element-73e2d3b e-con-full hover-boton e-flex e-con e-child\" data-id=\"73e2d3b\" data-element_type=\"container\" data-e-type=\"container\">\n\t\t\t\t<div class=\"elementor-element elementor-element-15fa4e0 elementor-widget elementor-widget-heading\" data-id=\"15fa4e0\" data-element_type=\"widget\" data-e-type=\"widget\" data-widget_type=\"heading.default\">\n\t\t\t\t\t<div class=\"elementor-heading-title elementor-size-default\">Cotizar Sal\u00f3n<\/div>\t\t\t\t<\/div>\n\t\t\t\t<\/div>\n\t\t\t\t<\/a>\n\t\t\t\t\t<\/div>\n\t\t\t\t<\/div>\n\t\t<div class=\"elementor-element elementor-element-40b8e6dd e-flex e-con-boxed e-con e-parent\" data-id=\"40b8e6dd\" data-element_type=\"container\" data-e-type=\"container\" data-settings=\"{&quot;background_background&quot;:&quot;classic&quot;}\">\n\t\t\t\t\t<div class=\"e-con-inner\">\n\t\t<div class=\"elementor-element elementor-element-56d1dfbf e-flex e-con-boxed e-con e-child\" data-id=\"56d1dfbf\" data-element_type=\"container\" data-e-type=\"container\" data-settings=\"{&quot;background_background&quot;:&quot;classic&quot;}\">\n\t\t\t\t\t<div class=\"e-con-inner\">\n\t\t<div class=\"elementor-element elementor-element-67b9f66f e-con-full e-flex e-con e-child\" data-id=\"67b9f66f\" data-element_type=\"container\" data-e-type=\"container\">\n\t\t<div class=\"elementor-element elementor-element-244db6b4 e-con-full e-flex e-con e-child\" data-id=\"244db6b4\" data-element_type=\"container\" data-e-type=\"container\">\n\t\t\t\t<div class=\"elementor-element elementor-element-31336445 elementor-widget-laptop__width-initial elementor-widget-tablet__width-initial elementor-widget elementor-widget-heading\" data-id=\"31336445\" data-element_type=\"widget\" data-e-type=\"widget\" data-widget_type=\"heading.default\">\n\t\t\t\t\t<h2 class=\"elementor-heading-title elementor-size-default\">nuestros salones<\/h2>\t\t\t\t<\/div>\n\t\t\t\t<div class=\"elementor-element elementor-element-27f28038 elementor-widget__width-initial elementor-widget-mobile__width-initial elementor-widget elementor-widget-text-editor\" data-id=\"27f28038\" data-element_type=\"widget\" data-e-type=\"widget\" data-widget_type=\"text-editor.default\">\n\t\t\t\t\t\t\t\t\t<p>Atacama, Patagonia y Rugendas, 3 salones para reuniones, seminarios, capacitaciones y banquetes. Equipados con la mejor tecnolog\u00eda audiovisual y con capacidad de montaje flexible.<\/p>\t\t\t\t\t\t\t\t<\/div>\n\t\t\t\t<\/div>\n\t\t\t\t<div class=\"elementor-element elementor-element-68d99d52 elementor-widget-divider--view-line elementor-widget elementor-widget-divider\" data-id=\"68d99d52\" data-element_type=\"widget\" data-e-type=\"widget\" data-widget_type=\"divider.default\">\n\t\t\t\t\t\t\t<div class=\"elementor-divider\">\n\t\t\t<span class=\"elementor-divider-separator\">\n\t\t\t\t\t\t<\/span>\n\t\t<\/div>\n\t\t\t\t\t\t<\/div>\n\t\t\t\t<\/div>\n\t\t<div class=\"elementor-element elementor-element-5296bc1 e-con-full e-flex e-con e-child\" data-id=\"5296bc1\" data-element_type=\"container\" data-e-type=\"container\">\n\t\t<a class=\"elementor-element elementor-element-86862c9 hover-container e-con-full e-flex e-con e-child\" data-id=\"86862c9\" data-element_type=\"container\" data-e-type=\"container\" data-settings=\"{&quot;background_background&quot;:&quot;classic&quot;}\" href=\"https:\/\/www.rugendas.cl\/en\/meeting-rooms\/rugenda-salon\/\">\n\t\t<div class=\"elementor-element elementor-element-312d26a e-con-full e-flex e-con e-child\" data-id=\"312d26a\" data-element_type=\"container\" data-e-type=\"container\">\n\t\t\t\t<div class=\"elementor-element elementor-element-72d381c elementor-widget elementor-widget-image\" data-id=\"72d381c\" data-element_type=\"widget\" data-e-type=\"widget\" data-widget_type=\"image.default\">\n\t\t\t\t\t\t\t\t\t\t\t\t\t\t\t<img fetchpriority=\"high\" decoding=\"async\" width=\"800\" height=\"534\" src=\"https:\/\/www.rugendas.cl\/wp-content\/uploads\/2025\/03\/Time-Hotels-133-1024x683.jpg\" class=\"attachment-large size-large wp-image-3620\" alt=\"\" srcset=\"https:\/\/www.rugendas.cl\/wp-content\/uploads\/2025\/03\/Time-Hotels-133-1024x683.jpg 1024w, https:\/\/www.rugendas.cl\/wp-content\/uploads\/2025\/03\/Time-Hotels-133-300x200.jpg 300w, https:\/\/www.rugendas.cl\/wp-content\/uploads\/2025\/03\/Time-Hotels-133-768x512.jpg 768w, https:\/\/www.rugendas.cl\/wp-content\/uploads\/2025\/03\/Time-Hotels-133-1536x1024.jpg 1536w, https:\/\/www.rugendas.cl\/wp-content\/uploads\/2025\/03\/Time-Hotels-133-scaled.jpg 2048w, https:\/\/www.rugendas.cl\/wp-content\/uploads\/2025\/03\/Time-Hotels-133-18x12.jpg 18w\" sizes=\"(max-width: 800px) 100vw, 800px\" \/>\t\t\t\t\t\t\t\t\t\t\t\t\t\t\t<\/div>\n\t\t\t\t<div class=\"elementor-element elementor-element-931f5f6 elementor-widget elementor-widget-heading\" data-id=\"931f5f6\" data-element_type=\"widget\" data-e-type=\"widget\" data-widget_type=\"heading.default\">\n\t\t\t\t\t<h2 class=\"elementor-heading-title elementor-size-default\">Rugendas<\/h2>\t\t\t\t<\/div>\n\t\t\t\t<div class=\"elementor-element elementor-element-b6fa1be elementor-widget elementor-widget-heading\" data-id=\"b6fa1be\" data-element_type=\"widget\" data-e-type=\"widget\" data-widget_type=\"heading.default\">\n\t\t\t\t\t<h2 class=\"elementor-heading-title elementor-size-default\">85 m\u00b2 | Altura: 2,50 m |  Iluminaci\u00f3n artificial | Foyer<\/h2>\t\t\t\t<\/div>\n\t\t\t\t<div class=\"elementor-element elementor-element-7792a19 elementor-widget elementor-widget-text-editor\" data-id=\"7792a19\" data-element_type=\"widget\" data-e-type=\"widget\" data-widget_type=\"text-editor.default\">\n\t\t\t\t\t\t\t\t\t<p>Amplio y vers\u00e1til, el Sal\u00f3n Rugendas puede acoger hasta 70 personas en eventos como seminarios o banquetes. Ubicado en un subterr\u00e1neo, este espacio cuenta con una decoraci\u00f3n sofisticada, donde los toques en verde crean un ambiente acogedor y estimulante para cualquier evento.<\/p>\t\t\t\t\t\t\t\t<\/div>\n\t\t\t\t<div class=\"elementor-element elementor-element-571f91e boton elementor-widget elementor-widget-text-editor\" data-id=\"571f91e\" data-element_type=\"widget\" data-e-type=\"widget\" data-widget_type=\"text-editor.default\">\n\t\t\t\t\t\t\t\t\tVer M\u00e1s\t\t\t\t\t\t\t\t<\/div>\n\t\t\t\t<\/div>\n\t\t\t\t<\/a>\n\t\t<a class=\"elementor-element elementor-element-fc6e262 hover-container e-con-full e-flex e-con e-child\" data-id=\"fc6e262\" data-element_type=\"container\" data-e-type=\"container\" data-settings=\"{&quot;background_background&quot;:&quot;classic&quot;}\" href=\"https:\/\/www.rugendas.cl\/en\/meeting-rooms\/atacama-hall\/\">\n\t\t<div class=\"elementor-element elementor-element-5494d1a e-con-full e-flex e-con e-child\" data-id=\"5494d1a\" data-element_type=\"container\" data-e-type=\"container\">\n\t\t\t\t<div class=\"elementor-element elementor-element-9d4eaa6 elementor-widget elementor-widget-image\" data-id=\"9d4eaa6\" data-element_type=\"widget\" data-e-type=\"widget\" data-widget_type=\"image.default\">\n\t\t\t\t\t\t\t\t\t\t\t\t\t\t\t<img decoding=\"async\" width=\"800\" height=\"534\" src=\"https:\/\/www.rugendas.cl\/wp-content\/uploads\/2025\/03\/Time-Hotels-60-1024x683.jpg\" class=\"attachment-large size-large wp-image-3621\" alt=\"\" srcset=\"https:\/\/www.rugendas.cl\/wp-content\/uploads\/2025\/03\/Time-Hotels-60-1024x683.jpg 1024w, https:\/\/www.rugendas.cl\/wp-content\/uploads\/2025\/03\/Time-Hotels-60-300x200.jpg 300w, https:\/\/www.rugendas.cl\/wp-content\/uploads\/2025\/03\/Time-Hotels-60-768x512.jpg 768w, https:\/\/www.rugendas.cl\/wp-content\/uploads\/2025\/03\/Time-Hotels-60-1536x1024.jpg 1536w, https:\/\/www.rugendas.cl\/wp-content\/uploads\/2025\/03\/Time-Hotels-60-scaled.jpg 2048w, https:\/\/www.rugendas.cl\/wp-content\/uploads\/2025\/03\/Time-Hotels-60-18x12.jpg 18w\" sizes=\"(max-width: 800px) 100vw, 800px\" \/>\t\t\t\t\t\t\t\t\t\t\t\t\t\t\t<\/div>\n\t\t\t\t<div class=\"elementor-element elementor-element-4353c91 elementor-widget elementor-widget-heading\" data-id=\"4353c91\" data-element_type=\"widget\" data-e-type=\"widget\" data-widget_type=\"heading.default\">\n\t\t\t\t\t<h2 class=\"elementor-heading-title elementor-size-default\">Atacama<\/h2>\t\t\t\t<\/div>\n\t\t\t\t<div class=\"elementor-element elementor-element-b1ce32d elementor-widget elementor-widget-heading\" data-id=\"b1ce32d\" data-element_type=\"widget\" data-e-type=\"widget\" data-widget_type=\"heading.default\">\n\t\t\t\t\t<h2 class=\"elementor-heading-title elementor-size-default\">23,5 m\u00b2 |  Altura: 2,3 m | Iluminaci\u00f3n natural y artificial<\/h2>\t\t\t\t<\/div>\n\t\t\t\t<div class=\"elementor-element elementor-element-dc9cc65 elementor-widget elementor-widget-text-editor\" data-id=\"dc9cc65\" data-element_type=\"widget\" data-e-type=\"widget\" data-widget_type=\"text-editor.default\">\n\t\t\t\t\t\t\t\t\t<p>Elegante y funcional, el Sal\u00f3n Atacama est\u00e1 equipado para reuniones ejecutivas o sesiones de directorio. Con capacidad para 12 personas, combina un dise\u00f1o moderno con tecnolog\u00eda de punta. La decoraci\u00f3n incluye arte textil que a\u00f1ade un toque distintivo y local al ambiente.<\/p>\t\t\t\t\t\t\t\t<\/div>\n\t\t\t\t<div class=\"elementor-element elementor-element-9fffa7e boton elementor-widget elementor-widget-text-editor\" data-id=\"9fffa7e\" data-element_type=\"widget\" data-e-type=\"widget\" data-widget_type=\"text-editor.default\">\n\t\t\t\t\t\t\t\t\tVer M\u00e1s\t\t\t\t\t\t\t\t<\/div>\n\t\t\t\t<\/div>\n\t\t\t\t<\/a>\n\t\t<a class=\"elementor-element elementor-element-f764e64 hover-container e-con-full e-flex e-con e-child\" data-id=\"f764e64\" data-element_type=\"container\" data-e-type=\"container\" data-settings=\"{&quot;background_background&quot;:&quot;classic&quot;}\" href=\"https:\/\/www.rugendas.cl\/en\/meeting-rooms\/patagonia-show\/\">\n\t\t<div class=\"elementor-element elementor-element-cf6ba4e e-con-full e-flex e-con e-child\" data-id=\"cf6ba4e\" data-element_type=\"container\" data-e-type=\"container\">\n\t\t\t\t<div class=\"elementor-element elementor-element-2096383 elementor-widget elementor-widget-image\" data-id=\"2096383\" data-element_type=\"widget\" data-e-type=\"widget\" data-widget_type=\"image.default\">\n\t\t\t\t\t\t\t\t\t\t\t\t\t\t\t<img decoding=\"async\" width=\"800\" height=\"534\" src=\"https:\/\/www.rugendas.cl\/wp-content\/uploads\/2025\/03\/Time-Hotels-57-1024x683.jpg\" class=\"attachment-large size-large wp-image-3622\" alt=\"\" srcset=\"https:\/\/www.rugendas.cl\/wp-content\/uploads\/2025\/03\/Time-Hotels-57-1024x683.jpg 1024w, https:\/\/www.rugendas.cl\/wp-content\/uploads\/2025\/03\/Time-Hotels-57-300x200.jpg 300w, https:\/\/www.rugendas.cl\/wp-content\/uploads\/2025\/03\/Time-Hotels-57-768x512.jpg 768w, https:\/\/www.rugendas.cl\/wp-content\/uploads\/2025\/03\/Time-Hotels-57-1536x1024.jpg 1536w, https:\/\/www.rugendas.cl\/wp-content\/uploads\/2025\/03\/Time-Hotels-57-scaled.jpg 2048w, https:\/\/www.rugendas.cl\/wp-content\/uploads\/2025\/03\/Time-Hotels-57-18x12.jpg 18w\" sizes=\"(max-width: 800px) 100vw, 800px\" \/>\t\t\t\t\t\t\t\t\t\t\t\t\t\t\t<\/div>\n\t\t\t\t<div class=\"elementor-element elementor-element-ce8f404 elementor-widget elementor-widget-heading\" data-id=\"ce8f404\" data-element_type=\"widget\" data-e-type=\"widget\" data-widget_type=\"heading.default\">\n\t\t\t\t\t<h2 class=\"elementor-heading-title elementor-size-default\">Patagonia<\/h2>\t\t\t\t<\/div>\n\t\t\t\t<div class=\"elementor-element elementor-element-369439b elementor-widget elementor-widget-heading\" data-id=\"369439b\" data-element_type=\"widget\" data-e-type=\"widget\" data-widget_type=\"heading.default\">\n\t\t\t\t\t<h2 class=\"elementor-heading-title elementor-size-default\">21,7 m\u00b2 | Altura: 2,53 m | Iluminaci\u00f3n natural y artificial<\/h2>\t\t\t\t<\/div>\n\t\t\t\t<div class=\"elementor-element elementor-element-299b23a elementor-widget elementor-widget-text-editor\" data-id=\"299b23a\" data-element_type=\"widget\" data-e-type=\"widget\" data-widget_type=\"text-editor.default\">\n\t\t\t\t\t\t\t\t\t<p>El Sal\u00f3n Patagonia, dise\u00f1ado para encuentros ejecutivos y capacitaciones, ofrece un ambiente sereno y profesional para hasta 12 asistentes. La est\u00e9tica se completa con obras de arte que reflejan la riqueza cultural de Chile.<\/p>\t\t\t\t\t\t\t\t<\/div>\n\t\t\t\t<div class=\"elementor-element elementor-element-429846b boton elementor-widget elementor-widget-text-editor\" data-id=\"429846b\" data-element_type=\"widget\" data-e-type=\"widget\" data-widget_type=\"text-editor.default\">\n\t\t\t\t\t\t\t\t\tVer M\u00e1s\t\t\t\t\t\t\t\t<\/div>\n\t\t\t\t<\/div>\n\t\t\t\t<\/a>\n\t\t\t\t<\/div>\n\t\t\t\t\t<\/div>\n\t\t\t\t<\/div>\n\t\t\t\t\t<\/div>\n\t\t\t\t<\/div>\n\t\t\t\t<\/div>\n\t\t","protected":false},"excerpt":{"rendered":"<p>Salones Cotizar Sal\u00f3n nuestros salones Atacama, Patagonia y Rugendas, 3 salones para reuniones, seminarios, capacitaciones y banquetes. Equipados con la mejor tecnolog\u00eda audiovisual y con capacidad de montaje flexible. Rugendas 85 m\u00b2 | Altura: 2,50 m | Iluminaci\u00f3n artificial | Foyer Amplio y vers\u00e1til, el Sal\u00f3n Rugendas puede acoger hasta 70 personas en eventos como [&hellip;]<\/p>\n","protected":false},"author":1,"featured_media":0,"parent":0,"menu_order":5,"comment_status":"closed","ping_status":"closed","template":"","meta":{"footnotes":""},"class_list":["post-247","page","type-page","status-publish","hentry"],"yoast_head":"<!-- This site is optimized with the Yoast SEO plugin v27.4 - https:\/\/yoast.com\/product\/yoast-seo-wordpress\/ -->\n<title>Salones de eventos en Santiago | Rugendas Hotel Boutique<\/title>\n<meta name=\"description\" content=\"Salones de eventos en Santiago para reuniones, conferencias y capacitaciones. Montajes flexibles y excelente ubicaci\u00f3n en El Golf, Las Condes.\" \/>\n<meta name=\"robots\" content=\"index, follow, max-snippet:-1, max-image-preview:large, max-video-preview:-1\" \/>\n<link rel=\"canonical\" href=\"https:\/\/www.rugendas.cl\/en\/meeting-rooms\/\" \/>\n<meta property=\"og:locale\" content=\"en_GB\" \/>\n<meta property=\"og:type\" content=\"article\" \/>\n<meta property=\"og:title\" content=\"Salones de eventos en Santiago | Rugendas Hotel Boutique\" \/>\n<meta property=\"og:description\" content=\"Salones de eventos en Santiago para reuniones, conferencias y capacitaciones. Montajes flexibles y excelente ubicaci\u00f3n en El Golf, Las Condes.\" \/>\n<meta property=\"og:url\" content=\"https:\/\/www.rugendas.cl\/en\/meeting-rooms\/\" \/>\n<meta property=\"og:site_name\" content=\"Hotel Rugendas\" \/>\n<meta property=\"article:publisher\" content=\"https:\/\/www.facebook.com\/rugendasrestaurant\/\" \/>\n<meta property=\"article:modified_time\" content=\"2026-03-01T10:55:08+00:00\" \/>\n<meta property=\"og:image\" content=\"https:\/\/www.rugendas.cl\/wp-content\/uploads\/2025\/03\/Time-Hotels-133-1024x683.jpg\" \/>\n<meta name=\"twitter:card\" content=\"summary_large_image\" \/>\n<meta name=\"twitter:label1\" content=\"Estimated reading time\" \/>\n\t<meta name=\"twitter:data1\" content=\"1 minute\" \/>\n<script type=\"application\/ld+json\" class=\"yoast-schema-graph\">{\"@context\":\"https:\\\/\\\/schema.org\",\"@graph\":[{\"@type\":\"WebPage\",\"@id\":\"https:\\\/\\\/www.rugendas.cl\\\/salones\\\/\",\"url\":\"https:\\\/\\\/www.rugendas.cl\\\/salones\\\/\",\"name\":\"Salones de eventos en Santiago | Rugendas Hotel Boutique\",\"isPartOf\":{\"@id\":\"https:\\\/\\\/www.rugendas.cl\\\/#website\"},\"primaryImageOfPage\":{\"@id\":\"https:\\\/\\\/www.rugendas.cl\\\/salones\\\/#primaryimage\"},\"image\":{\"@id\":\"https:\\\/\\\/www.rugendas.cl\\\/salones\\\/#primaryimage\"},\"thumbnailUrl\":\"https:\\\/\\\/www.rugendas.cl\\\/wp-content\\\/uploads\\\/2025\\\/03\\\/Time-Hotels-133-1024x683.jpg\",\"datePublished\":\"2024-12-05T12:10:48+00:00\",\"dateModified\":\"2026-03-01T10:55:08+00:00\",\"description\":\"Salones de eventos en Santiago para reuniones, conferencias y capacitaciones. Montajes flexibles y excelente ubicaci\u00f3n en El Golf, Las Condes.\",\"breadcrumb\":{\"@id\":\"https:\\\/\\\/www.rugendas.cl\\\/salones\\\/#breadcrumb\"},\"inLanguage\":\"en-GB\",\"potentialAction\":[{\"@type\":\"ReadAction\",\"target\":[\"https:\\\/\\\/www.rugendas.cl\\\/salones\\\/\"]}]},{\"@type\":\"ImageObject\",\"inLanguage\":\"en-GB\",\"@id\":\"https:\\\/\\\/www.rugendas.cl\\\/salones\\\/#primaryimage\",\"url\":\"https:\\\/\\\/www.rugendas.cl\\\/wp-content\\\/uploads\\\/2025\\\/03\\\/Time-Hotels-133-1024x683.jpg\",\"contentUrl\":\"https:\\\/\\\/www.rugendas.cl\\\/wp-content\\\/uploads\\\/2025\\\/03\\\/Time-Hotels-133-1024x683.jpg\"},{\"@type\":\"BreadcrumbList\",\"@id\":\"https:\\\/\\\/www.rugendas.cl\\\/salones\\\/#breadcrumb\",\"itemListElement\":[{\"@type\":\"ListItem\",\"position\":1,\"name\":\"Portada\",\"item\":\"https:\\\/\\\/www.rugendas.cl\\\/\"},{\"@type\":\"ListItem\",\"position\":2,\"name\":\"Salones\"}]},{\"@type\":\"WebSite\",\"@id\":\"https:\\\/\\\/www.rugendas.cl\\\/#website\",\"url\":\"https:\\\/\\\/www.rugendas.cl\\\/\",\"name\":\"Rugendas Hotel Boutique\",\"description\":\"\",\"publisher\":{\"@id\":\"https:\\\/\\\/www.rugendas.cl\\\/#organization\"},\"potentialAction\":[{\"@type\":\"SearchAction\",\"target\":{\"@type\":\"EntryPoint\",\"urlTemplate\":\"https:\\\/\\\/www.rugendas.cl\\\/?s={search_term_string}\"},\"query-input\":{\"@type\":\"PropertyValueSpecification\",\"valueRequired\":true,\"valueName\":\"search_term_string\"}}],\"inLanguage\":\"en-GB\"},{\"@type\":\"Organization\",\"@id\":\"https:\\\/\\\/www.rugendas.cl\\\/#organization\",\"name\":\"Rugendas Hotel Boutique\",\"url\":\"https:\\\/\\\/www.rugendas.cl\\\/\",\"logo\":{\"@type\":\"ImageObject\",\"inLanguage\":\"en-GB\",\"@id\":\"https:\\\/\\\/www.rugendas.cl\\\/#\\\/schema\\\/logo\\\/image\\\/\",\"url\":\"https:\\\/\\\/www.rugendas.cl\\\/wp-content\\\/uploads\\\/2024\\\/11\\\/Rugendas-Isotipo.svg\",\"contentUrl\":\"https:\\\/\\\/www.rugendas.cl\\\/wp-content\\\/uploads\\\/2024\\\/11\\\/Rugendas-Isotipo.svg\",\"width\":78,\"height\":78,\"caption\":\"Rugendas Hotel Boutique\"},\"image\":{\"@id\":\"https:\\\/\\\/www.rugendas.cl\\\/#\\\/schema\\\/logo\\\/image\\\/\"},\"sameAs\":[\"https:\\\/\\\/www.facebook.com\\\/rugendasrestaurant\\\/\",\"https:\\\/\\\/www.instagram.com\\\/rugendas.restaurant.hotel\"]}]}<\/script>\n<!-- \/ Yoast SEO plugin. -->","yoast_head_json":{"title":"Event venues in Santiago | Rugendas Boutique Hotel","description":"Event venues in Santiago for meetings, conferences, and training sessions. Flexible setups and excellent location in El Golf, Las Condes.","robots":{"index":"index","follow":"follow","max-snippet":"max-snippet:-1","max-image-preview":"max-image-preview:large","max-video-preview":"max-video-preview:-1"},"canonical":"https:\/\/www.rugendas.cl\/en\/meeting-rooms\/","og_locale":"en_GB","og_type":"article","og_title":"Salones de eventos en Santiago | Rugendas Hotel Boutique","og_description":"Salones de eventos en Santiago para reuniones, conferencias y capacitaciones. Montajes flexibles y excelente ubicaci\u00f3n en El Golf, Las Condes.","og_url":"https:\/\/www.rugendas.cl\/en\/meeting-rooms\/","og_site_name":"Hotel Rugendas","article_publisher":"https:\/\/www.facebook.com\/rugendasrestaurant\/","article_modified_time":"2026-03-01T10:55:08+00:00","og_image":[{"url":"https:\/\/www.rugendas.cl\/wp-content\/uploads\/2025\/03\/Time-Hotels-133-1024x683.jpg","type":"","width":"","height":""}],"twitter_card":"summary_large_image","twitter_misc":{"Estimated reading time":"1 minute"},"schema":{"@context":"https:\/\/schema.org","@graph":[{"@type":"WebPage","@id":"https:\/\/www.rugendas.cl\/salones\/","url":"https:\/\/www.rugendas.cl\/salones\/","name":"Event venues in Santiago | Rugendas Boutique Hotel","isPartOf":{"@id":"https:\/\/www.rugendas.cl\/#website"},"primaryImageOfPage":{"@id":"https:\/\/www.rugendas.cl\/salones\/#primaryimage"},"image":{"@id":"https:\/\/www.rugendas.cl\/salones\/#primaryimage"},"thumbnailUrl":"https:\/\/www.rugendas.cl\/wp-content\/uploads\/2025\/03\/Time-Hotels-133-1024x683.jpg","datePublished":"2024-12-05T12:10:48+00:00","dateModified":"2026-03-01T10:55:08+00:00","description":"Event venues in Santiago for meetings, conferences, and training sessions. Flexible setups and excellent location in El Golf, Las Condes.","breadcrumb":{"@id":"https:\/\/www.rugendas.cl\/salones\/#breadcrumb"},"inLanguage":"en-GB","potentialAction":[{"@type":"ReadAction","target":["https:\/\/www.rugendas.cl\/salones\/"]}]},{"@type":"ImageObject","inLanguage":"en-GB","@id":"https:\/\/www.rugendas.cl\/salones\/#primaryimage","url":"https:\/\/www.rugendas.cl\/wp-content\/uploads\/2025\/03\/Time-Hotels-133-1024x683.jpg","contentUrl":"https:\/\/www.rugendas.cl\/wp-content\/uploads\/2025\/03\/Time-Hotels-133-1024x683.jpg"},{"@type":"BreadcrumbList","@id":"https:\/\/www.rugendas.cl\/salones\/#breadcrumb","itemListElement":[{"@type":"ListItem","position":1,"name":"Portada","item":"https:\/\/www.rugendas.cl\/"},{"@type":"ListItem","position":2,"name":"Salones"}]},{"@type":"WebSite","@id":"https:\/\/www.rugendas.cl\/#website","url":"https:\/\/www.rugendas.cl\/","name":"Rugendas Hotel Boutique","description":"","publisher":{"@id":"https:\/\/www.rugendas.cl\/#organization"},"potentialAction":[{"@type":"SearchAction","target":{"@type":"EntryPoint","urlTemplate":"https:\/\/www.rugendas.cl\/?s={search_term_string}"},"query-input":{"@type":"PropertyValueSpecification","valueRequired":true,"valueName":"search_term_string"}}],"inLanguage":"en-GB"},{"@type":"Organization","@id":"https:\/\/www.rugendas.cl\/#organization","name":"Rugendas Hotel Boutique","url":"https:\/\/www.rugendas.cl\/","logo":{"@type":"ImageObject","inLanguage":"en-GB","@id":"https:\/\/www.rugendas.cl\/#\/schema\/logo\/image\/","url":"https:\/\/www.rugendas.cl\/wp-content\/uploads\/2024\/11\/Rugendas-Isotipo.svg","contentUrl":"https:\/\/www.rugendas.cl\/wp-content\/uploads\/2024\/11\/Rugendas-Isotipo.svg","width":78,"height":78,"caption":"Rugendas Hotel Boutique"},"image":{"@id":"https:\/\/www.rugendas.cl\/#\/schema\/logo\/image\/"},"sameAs":["https:\/\/www.facebook.com\/rugendasrestaurant\/","https:\/\/www.instagram.com\/rugendas.restaurant.hotel"]}]}},"_links":{"self":[{"href":"https:\/\/www.rugendas.cl\/en\/wp-json\/wp\/v2\/pages\/247","targetHints":{"allow":["GET"]}}],"collection":[{"href":"https:\/\/www.rugendas.cl\/en\/wp-json\/wp\/v2\/pages"}],"about":[{"href":"https:\/\/www.rugendas.cl\/en\/wp-json\/wp\/v2\/types\/page"}],"author":[{"embeddable":true,"href":"https:\/\/www.rugendas.cl\/en\/wp-json\/wp\/v2\/users\/1"}],"replies":[{"embeddable":true,"href":"https:\/\/www.rugendas.cl\/en\/wp-json\/wp\/v2\/comments?post=247"}],"version-history":[{"count":27,"href":"https:\/\/www.rugendas.cl\/en\/wp-json\/wp\/v2\/pages\/247\/revisions"}],"predecessor-version":[{"id":5873,"href":"https:\/\/www.rugendas.cl\/en\/wp-json\/wp\/v2\/pages\/247\/revisions\/5873"}],"wp:attachment":[{"href":"https:\/\/www.rugendas.cl\/en\/wp-json\/wp\/v2\/media?parent=247"}],"curies":[{"name":"wp","href":"https:\/\/api.w.org\/{rel}","templated":true}]}}