{"id":2575,"date":"2025-01-18T19:18:06","date_gmt":"2025-01-18T19:18:06","guid":{"rendered":"https:\/\/www.rugendas.cl\/?page_id=2575"},"modified":"2026-04-12T14:02:51","modified_gmt":"2026-04-12T14:02:51","slug":"contato","status":"publish","type":"page","link":"https:\/\/www.rugendas.cl\/pt\/contato\/","title":{"rendered":"Contato"},"content":{"rendered":"\t\t<div data-elementor-type=\"wp-page\" data-elementor-id=\"2575\" class=\"elementor elementor-2575\" data-elementor-post-type=\"page\">\n\t\t\t\t<div class=\"elementor-element elementor-element-d6fd409 e-flex e-con-boxed e-con e-parent\" data-id=\"d6fd409\" data-element_type=\"container\" data-e-type=\"container\" data-settings=\"{&quot;background_background&quot;:&quot;classic&quot;}\">\n\t\t\t\t\t<div class=\"e-con-inner\">\n\t\t\t\t<div class=\"elementor-element elementor-element-2712421 elementor-widget__width-initial elementor-widget elementor-widget-heading\" data-id=\"2712421\" data-element_type=\"widget\" data-e-type=\"widget\" data-settings=\"{&quot;motion_fx_motion_fx_scrolling&quot;:&quot;yes&quot;,&quot;motion_fx_opacity_effect&quot;:&quot;yes&quot;,&quot;motion_fx_opacity_direction&quot;:&quot;in-out&quot;,&quot;motion_fx_opacity_range&quot;:{&quot;unit&quot;:&quot;%&quot;,&quot;size&quot;:&quot;&quot;,&quot;sizes&quot;:{&quot;start&quot;:70,&quot;end&quot;:85}},&quot;motion_fx_blur_effect&quot;:&quot;yes&quot;,&quot;motion_fx_blur_direction&quot;:&quot;in-out&quot;,&quot;motion_fx_blur_range&quot;:{&quot;unit&quot;:&quot;%&quot;,&quot;size&quot;:&quot;&quot;,&quot;sizes&quot;:{&quot;start&quot;:70,&quot;end&quot;:85}},&quot;motion_fx_devices&quot;:[&quot;desktop&quot;,&quot;laptop&quot;,&quot;tablet&quot;],&quot;motion_fx_opacity_level&quot;:{&quot;unit&quot;:&quot;px&quot;,&quot;size&quot;:10,&quot;sizes&quot;:[]},&quot;motion_fx_blur_level&quot;:{&quot;unit&quot;:&quot;px&quot;,&quot;size&quot;:7,&quot;sizes&quot;:[]}}\" data-widget_type=\"heading.default\">\n\t\t\t\t\t<h2 class=\"elementor-heading-title elementor-size-default\">Contacto<\/h2>\t\t\t\t<\/div>\n\t\t\t\t\t<\/div>\n\t\t\t\t<\/div>\n\t\t<div class=\"elementor-element elementor-element-61a2f21 e-flex e-con-boxed e-con e-parent\" data-id=\"61a2f21\" data-element_type=\"container\" data-e-type=\"container\">\n\t\t\t\t\t<div class=\"e-con-inner\">\n\t\t<div class=\"elementor-element elementor-element-c964d51 e-flex e-con-boxed e-con e-child\" data-id=\"c964d51\" data-element_type=\"container\" data-e-type=\"container\" data-settings=\"{&quot;background_background&quot;:&quot;classic&quot;}\">\n\t\t\t\t\t<div class=\"e-con-inner\">\n\t\t\t\t<div class=\"elementor-element elementor-element-7d28495 elementor-widget__width-initial elementor-widget-laptop__width-initial elementor-widget-mobile__width-inherit elementor-widget elementor-widget-text-editor\" data-id=\"7d28495\" data-element_type=\"widget\" data-e-type=\"widget\" data-widget_type=\"text-editor.default\">\n\t\t\t\t\t\t\t\t\t<div class=\"flex-shrink-0 flex flex-col relative items-end\"><div><div class=\"pt-0\"><div class=\"gizmo-bot-avatar flex h-8 w-8 items-center justify-center overflow-hidden rounded-full\"><div class=\"relative p-1 rounded-sm flex items-center justify-center bg-token-main-surface-primary text-token-text-primary h-8 w-8\">Estamos aqu\u00ed para ayudarte a planificar tu pr\u00f3xima estad\u00eda o evento con nosotros. Si tienes preguntas, necesitas m\u00e1s informaci\u00f3n o deseas hacer una reserva, no dudes en ponerte en contacto.<\/div><div class=\"relative p-1 rounded-sm flex items-center justify-center bg-token-main-surface-primary text-token-text-primary h-8 w-8\">\u00a0<\/div><div class=\"relative p-1 rounded-sm flex items-center justify-center bg-token-main-surface-primary text-token-text-primary h-8 w-8\">Completa el formulario a continuaci\u00f3n y uno de nuestros representantes se comunicar\u00e1 contigo lo antes posible para asegurar que tu experiencia sea excepcional.<\/div><\/div><\/div><\/div><\/div>\t\t\t\t\t\t\t\t<\/div>\n\t\t\t\t<div class=\"elementor-element elementor-element-6ace825 elementor-mobile-button-align-stretch elementor-widget__width-initial elementor-widget-mobile__width-inherit formulario elementor-button-align-stretch elementor-widget elementor-widget-form\" data-id=\"6ace825\" data-element_type=\"widget\" data-e-type=\"widget\" data-settings=\"{&quot;step_next_label&quot;:&quot;Siguiente&quot;,&quot;step_previous_label&quot;:&quot;Anterior&quot;,&quot;button_width&quot;:&quot;100&quot;,&quot;step_type&quot;:&quot;number_text&quot;,&quot;step_icon_shape&quot;:&quot;circle&quot;}\" data-widget_type=\"form.default\">\n\t\t\t\t\t\t\t<form class=\"elementor-form\" method=\"post\" name=\"P\u00e1gina Contacto\" aria-label=\"P\u00e1gina Contacto\">\n\t\t\t<input type=\"hidden\" name=\"post_id\" value=\"2575\"\/>\n\t\t\t<input type=\"hidden\" name=\"form_id\" value=\"6ace825\"\/>\n\t\t\t<input type=\"hidden\" name=\"referer_title\" value=\"Hotel Rugendas\" \/>\n\n\t\t\t\n\t\t\t<div class=\"elementor-form-fields-wrapper elementor-labels-\">\n\t\t\t\t\t\t\t\t<div class=\"elementor-field-type-text elementor-field-group elementor-column elementor-field-group-name elementor-col-100\">\n\t\t\t\t\t\t\t\t\t\t\t\t<label for=\"form-field-name\" class=\"elementor-field-label elementor-screen-only\">\n\t\t\t\t\t\t\t\tNombre\t\t\t\t\t\t\t<\/label>\n\t\t\t\t\t\t\t\t\t\t\t\t\t\t<input size=\"1\" type=\"text\" name=\"form_fields[name]\" id=\"form-field-name\" class=\"elementor-field elementor-size-sm  elementor-field-textual\" placeholder=\"Nombre\">\n\t\t\t\t\t\t\t\t\t\t\t<\/div>\n\t\t\t\t\t\t\t\t<div class=\"elementor-field-type-tel elementor-field-group elementor-column elementor-field-group-tel elementor-col-50 elementor-field-required\">\n\t\t\t\t\t\t\t\t\t\t\t\t<label for=\"form-field-tel\" class=\"elementor-field-label elementor-screen-only\">\n\t\t\t\t\t\t\t\tTel\u00e9fono\t\t\t\t\t\t\t<\/label>\n\t\t\t\t\t\t\t\t<input size=\"1\" type=\"tel\" name=\"form_fields[tel]\" id=\"form-field-tel\" class=\"elementor-field elementor-size-sm  elementor-field-textual\" placeholder=\"Tel\u00e9fono\" required=\"required\" pattern=\"[0-9()#&amp;+*-=.]+\" title=\"Apenas n\u00fameros e caracteres de telefone (#, -, *, etc.) s\u00e3o aceitos.\">\n\n\t\t\t\t\t\t<\/div>\n\t\t\t\t\t\t\t\t<div class=\"elementor-field-type-email elementor-field-group elementor-column elementor-field-group-email elementor-col-50 elementor-field-required\">\n\t\t\t\t\t\t\t\t\t\t\t\t<label for=\"form-field-email\" class=\"elementor-field-label elementor-screen-only\">\n\t\t\t\t\t\t\t\tCorreo electr\u00f3nico\t\t\t\t\t\t\t<\/label>\n\t\t\t\t\t\t\t\t\t\t\t\t\t\t<input size=\"1\" type=\"email\" name=\"form_fields[email]\" id=\"form-field-email\" class=\"elementor-field elementor-size-sm  elementor-field-textual\" placeholder=\"Correo electr\u00f3nico\" required=\"required\">\n\t\t\t\t\t\t\t\t\t\t\t<\/div>\n\t\t\t\t\t\t\t\t<div class=\"elementor-field-type-textarea elementor-field-group elementor-column elementor-field-group-message elementor-col-100\">\n\t\t\t\t\t\t\t\t\t\t\t\t<label for=\"form-field-message\" class=\"elementor-field-label elementor-screen-only\">\n\t\t\t\t\t\t\t\tMensaje\t\t\t\t\t\t\t<\/label>\n\t\t\t\t\t\t<textarea class=\"elementor-field-textual elementor-field  elementor-size-sm\" name=\"form_fields[message]\" id=\"form-field-message\" rows=\"4\" placeholder=\"Mensaje\"><\/textarea>\t\t\t\t<\/div>\n\t\t\t\t\t\t\t\t<div class=\"elementor-field-type-text\">\n\t\t\t\t\t<input size=\"1\" type=\"text\" name=\"form_fields[field_b9a4bee]\" id=\"form-field-field_b9a4bee\" class=\"elementor-field elementor-size-sm \" style=\"display:none !important;\">\t\t\t\t<\/div>\n\t\t\t\t\t\t\t\t<div class=\"elementor-field-type-recaptcha_v3 elementor-field-group elementor-column elementor-field-group-field_6bd6bff elementor-col-100 recaptcha_v3-bottomleft\">\n\t\t\t\t\t<div class=\"elementor-field\" id=\"form-field-field_6bd6bff\"><div class=\"elementor-g-recaptcha\" data-sitekey=\"6Ldd9nssAAAAAC8t8zPCNm2wOtETMjG2PywJBxtq\" data-type=\"v3\" data-action=\"Form\" data-badge=\"bottomleft\" data-size=\"invisible\"><\/div><\/div>\t\t\t\t<\/div>\n\t\t\t\t\t\t\t\t<div class=\"elementor-field-group elementor-column elementor-field-type-submit elementor-col-100 e-form__buttons\">\n\t\t\t\t\t<button class=\"elementor-button elementor-size-sm\" type=\"submit\">\n\t\t\t\t\t\t<span class=\"elementor-button-content-wrapper\">\n\t\t\t\t\t\t\t\t\t\t\t\t\t\t\t\t\t\t\t\t\t\t<span class=\"elementor-button-text\">Enviar<\/span>\n\t\t\t\t\t\t\t\t\t\t\t\t\t<\/span>\n\t\t\t\t\t<\/button>\n\t\t\t\t<\/div>\n\t\t\t<\/div>\n\t\t<\/form>\n\t\t\t\t\t\t<\/div>\n\t\t\t\t\t<\/div>\n\t\t\t\t<\/div>\n\t\t\t\t\t<\/div>\n\t\t\t\t<\/div>\n\t\t\t\t<\/div>\n\t\t","protected":false},"excerpt":{"rendered":"<p>Entre em contato conosco Estamos aqui para ajud\u00e1-lo a planejar sua pr\u00f3xima estadia ou evento conosco. Se tiver alguma d\u00favida, precisar de mais informa\u00e7\u00f5es ou quiser fazer uma reserva, n\u00e3o hesite em entrar em contato. Preencha o formul\u00e1rio abaixo e um de nossos representantes entrar\u00e1 em contato o mais r\u00e1pido poss\u00edvel para garantir que sua experi\u00eancia seja excepcional.<\/p>","protected":false},"author":1,"featured_media":0,"parent":0,"menu_order":8,"comment_status":"closed","ping_status":"closed","template":"","meta":{"footnotes":""},"class_list":["post-2575","page","type-page","status-publish","hentry"],"yoast_head":"<!-- This site is optimized with the Yoast SEO plugin v27.4 - https:\/\/yoast.com\/product\/yoast-seo-wordpress\/ -->\n<title>Contacto | Rugendas Hotel Boutique<\/title>\n<meta name=\"description\" content=\"Comun\u00edcate con Rugendas Hotel Boutique para recibir informaci\u00f3n, realizar reservas o resolver dudas. Nuestro equipo est\u00e1 disponible para ayudarte.\" \/>\n<meta name=\"robots\" content=\"index, follow, max-snippet:-1, max-image-preview:large, max-video-preview:-1\" \/>\n<link rel=\"canonical\" href=\"https:\/\/www.rugendas.cl\/pt\/contato\/\" \/>\n<meta property=\"og:locale\" content=\"pt_BR\" \/>\n<meta property=\"og:type\" content=\"article\" \/>\n<meta property=\"og:title\" content=\"Contacto | Rugendas Hotel Boutique\" \/>\n<meta property=\"og:description\" content=\"Comun\u00edcate con Rugendas Hotel Boutique para recibir informaci\u00f3n, realizar reservas o resolver dudas. Nuestro equipo est\u00e1 disponible para ayudarte.\" \/>\n<meta property=\"og:url\" content=\"https:\/\/www.rugendas.cl\/pt\/contato\/\" \/>\n<meta property=\"og:site_name\" content=\"Hotel Rugendas\" \/>\n<meta property=\"article:publisher\" content=\"https:\/\/www.facebook.com\/rugendasrestaurant\/\" \/>\n<meta property=\"article:modified_time\" content=\"2026-04-12T14:02:51+00:00\" \/>\n<meta name=\"twitter:card\" content=\"summary_large_image\" \/>\n<meta name=\"twitter:label1\" content=\"Est. tempo de leitura\" \/>\n\t<meta name=\"twitter:data1\" content=\"1 minuto\" \/>\n<script type=\"application\/ld+json\" class=\"yoast-schema-graph\">{\"@context\":\"https:\\\/\\\/schema.org\",\"@graph\":[{\"@type\":\"WebPage\",\"@id\":\"https:\\\/\\\/www.rugendas.cl\\\/contacto\\\/\",\"url\":\"https:\\\/\\\/www.rugendas.cl\\\/contacto\\\/\",\"name\":\"Contacto | Rugendas Hotel Boutique\",\"isPartOf\":{\"@id\":\"https:\\\/\\\/www.rugendas.cl\\\/#website\"},\"datePublished\":\"2025-01-18T19:18:06+00:00\",\"dateModified\":\"2026-04-12T14:02:51+00:00\",\"description\":\"Comun\u00edcate con Rugendas Hotel Boutique para recibir informaci\u00f3n, realizar reservas o resolver dudas. Nuestro equipo est\u00e1 disponible para ayudarte.\",\"breadcrumb\":{\"@id\":\"https:\\\/\\\/www.rugendas.cl\\\/contacto\\\/#breadcrumb\"},\"inLanguage\":\"pt-BR\",\"potentialAction\":[{\"@type\":\"ReadAction\",\"target\":[\"https:\\\/\\\/www.rugendas.cl\\\/contacto\\\/\"]}]},{\"@type\":\"BreadcrumbList\",\"@id\":\"https:\\\/\\\/www.rugendas.cl\\\/contacto\\\/#breadcrumb\",\"itemListElement\":[{\"@type\":\"ListItem\",\"position\":1,\"name\":\"Portada\",\"item\":\"https:\\\/\\\/www.rugendas.cl\\\/\"},{\"@type\":\"ListItem\",\"position\":2,\"name\":\"Contacto\"}]},{\"@type\":\"WebSite\",\"@id\":\"https:\\\/\\\/www.rugendas.cl\\\/#website\",\"url\":\"https:\\\/\\\/www.rugendas.cl\\\/\",\"name\":\"Rugendas Hotel Boutique\",\"description\":\"\",\"publisher\":{\"@id\":\"https:\\\/\\\/www.rugendas.cl\\\/#organization\"},\"potentialAction\":[{\"@type\":\"SearchAction\",\"target\":{\"@type\":\"EntryPoint\",\"urlTemplate\":\"https:\\\/\\\/www.rugendas.cl\\\/?s={search_term_string}\"},\"query-input\":{\"@type\":\"PropertyValueSpecification\",\"valueRequired\":true,\"valueName\":\"search_term_string\"}}],\"inLanguage\":\"pt-BR\"},{\"@type\":\"Organization\",\"@id\":\"https:\\\/\\\/www.rugendas.cl\\\/#organization\",\"name\":\"Rugendas Hotel Boutique\",\"url\":\"https:\\\/\\\/www.rugendas.cl\\\/\",\"logo\":{\"@type\":\"ImageObject\",\"inLanguage\":\"pt-BR\",\"@id\":\"https:\\\/\\\/www.rugendas.cl\\\/#\\\/schema\\\/logo\\\/image\\\/\",\"url\":\"https:\\\/\\\/www.rugendas.cl\\\/wp-content\\\/uploads\\\/2024\\\/11\\\/Rugendas-Isotipo.svg\",\"contentUrl\":\"https:\\\/\\\/www.rugendas.cl\\\/wp-content\\\/uploads\\\/2024\\\/11\\\/Rugendas-Isotipo.svg\",\"width\":78,\"height\":78,\"caption\":\"Rugendas Hotel Boutique\"},\"image\":{\"@id\":\"https:\\\/\\\/www.rugendas.cl\\\/#\\\/schema\\\/logo\\\/image\\\/\"},\"sameAs\":[\"https:\\\/\\\/www.facebook.com\\\/rugendasrestaurant\\\/\",\"https:\\\/\\\/www.instagram.com\\\/rugendas.restaurant.hotel\"]}]}<\/script>\n<!-- \/ Yoast SEO plugin. -->","yoast_head_json":{"title":"Contato Rugendas Hotel Boutique","description":"Entre em contato com o Rugendas Hotel Boutique para receber informa\u00e7\u00f5es, fazer reservas ou solucionar d\u00favidas. Nossa equipe est\u00e1 dispon\u00edvel para ajud\u00e1-lo.","robots":{"index":"index","follow":"follow","max-snippet":"max-snippet:-1","max-image-preview":"max-image-preview:large","max-video-preview":"max-video-preview:-1"},"canonical":"https:\/\/www.rugendas.cl\/pt\/contato\/","og_locale":"pt_BR","og_type":"article","og_title":"Contacto | Rugendas Hotel Boutique","og_description":"Comun\u00edcate con Rugendas Hotel Boutique para recibir informaci\u00f3n, realizar reservas o resolver dudas. Nuestro equipo est\u00e1 disponible para ayudarte.","og_url":"https:\/\/www.rugendas.cl\/pt\/contato\/","og_site_name":"Hotel Rugendas","article_publisher":"https:\/\/www.facebook.com\/rugendasrestaurant\/","article_modified_time":"2026-04-12T14:02:51+00:00","twitter_card":"summary_large_image","twitter_misc":{"Est. tempo de leitura":"1 minuto"},"schema":{"@context":"https:\/\/schema.org","@graph":[{"@type":"WebPage","@id":"https:\/\/www.rugendas.cl\/contacto\/","url":"https:\/\/www.rugendas.cl\/contacto\/","name":"Contato Rugendas Hotel Boutique","isPartOf":{"@id":"https:\/\/www.rugendas.cl\/#website"},"datePublished":"2025-01-18T19:18:06+00:00","dateModified":"2026-04-12T14:02:51+00:00","description":"Entre em contato com o Rugendas Hotel Boutique para receber informa\u00e7\u00f5es, fazer reservas ou solucionar d\u00favidas. Nossa equipe est\u00e1 dispon\u00edvel para ajud\u00e1-lo.","breadcrumb":{"@id":"https:\/\/www.rugendas.cl\/contacto\/#breadcrumb"},"inLanguage":"pt-BR","potentialAction":[{"@type":"ReadAction","target":["https:\/\/www.rugendas.cl\/contacto\/"]}]},{"@type":"BreadcrumbList","@id":"https:\/\/www.rugendas.cl\/contacto\/#breadcrumb","itemListElement":[{"@type":"ListItem","position":1,"name":"Portada","item":"https:\/\/www.rugendas.cl\/"},{"@type":"ListItem","position":2,"name":"Contacto"}]},{"@type":"WebSite","@id":"https:\/\/www.rugendas.cl\/#website","url":"https:\/\/www.rugendas.cl\/","name":"Rugendas Boutique Hotel","description":"","publisher":{"@id":"https:\/\/www.rugendas.cl\/#organization"},"potentialAction":[{"@type":"SearchAction","target":{"@type":"EntryPoint","urlTemplate":"https:\/\/www.rugendas.cl\/?s={search_term_string}"},"query-input":{"@type":"PropertyValueSpecification","valueRequired":true,"valueName":"search_term_string"}}],"inLanguage":"pt-BR"},{"@type":"Organization","@id":"https:\/\/www.rugendas.cl\/#organization","name":"Rugendas Boutique Hotel","url":"https:\/\/www.rugendas.cl\/","logo":{"@type":"ImageObject","inLanguage":"pt-BR","@id":"https:\/\/www.rugendas.cl\/#\/schema\/logo\/image\/","url":"https:\/\/www.rugendas.cl\/wp-content\/uploads\/2024\/11\/Rugendas-Isotipo.svg","contentUrl":"https:\/\/www.rugendas.cl\/wp-content\/uploads\/2024\/11\/Rugendas-Isotipo.svg","width":78,"height":78,"caption":"Rugendas Hotel Boutique"},"image":{"@id":"https:\/\/www.rugendas.cl\/#\/schema\/logo\/image\/"},"sameAs":["https:\/\/www.facebook.com\/rugendasrestaurant\/","https:\/\/www.instagram.com\/rugendas.restaurant.hotel"]}]}},"_links":{"self":[{"href":"https:\/\/www.rugendas.cl\/pt\/wp-json\/wp\/v2\/pages\/2575","targetHints":{"allow":["GET"]}}],"collection":[{"href":"https:\/\/www.rugendas.cl\/pt\/wp-json\/wp\/v2\/pages"}],"about":[{"href":"https:\/\/www.rugendas.cl\/pt\/wp-json\/wp\/v2\/types\/page"}],"author":[{"embeddable":true,"href":"https:\/\/www.rugendas.cl\/pt\/wp-json\/wp\/v2\/users\/1"}],"replies":[{"embeddable":true,"href":"https:\/\/www.rugendas.cl\/pt\/wp-json\/wp\/v2\/comments?post=2575"}],"version-history":[{"count":30,"href":"https:\/\/www.rugendas.cl\/pt\/wp-json\/wp\/v2\/pages\/2575\/revisions"}],"predecessor-version":[{"id":6168,"href":"https:\/\/www.rugendas.cl\/pt\/wp-json\/wp\/v2\/pages\/2575\/revisions\/6168"}],"wp:attachment":[{"href":"https:\/\/www.rugendas.cl\/pt\/wp-json\/wp\/v2\/media?parent=2575"}],"curies":[{"name":"wp","href":"https:\/\/api.w.org\/{rel}","templated":true}]}}